{"id":241,"date":"2017-07-07T20:20:14","date_gmt":"2017-07-07T20:20:14","guid":{"rendered":"https:\/\/hotelork.is\/?page_id=241\/"},"modified":"2019-06-25T15:18:43","modified_gmt":"2019-06-25T15:18:43","slug":"events-banquets","status":"publish","type":"page","link":"https:\/\/hotelork.is\/en\/events-banquets\/","title":{"rendered":"Events &#038; Banquets"},"content":{"rendered":"<p>Wondering where to host a great event? Hotel \u00d6rk is a great venue for various occasions.<\/p>\n","protected":false},"excerpt":{"rendered":"<p>Wondering where to host a great event? Hotel \u00d6rk is a great venue for various occasions.<\/p>\n","protected":false},"author":1,"featured_media":0,"parent":0,"menu_order":0,"comment_status":"closed","ping_status":"closed","template":"page-vidburdir_veislur.php","meta":{"_acf_changed":false,"footnotes":""},"class_list":["post-241","page","type-page","status-publish","hentry"],"acf":[],"featured_image_src":null,"yoast_head":"<!-- This site is optimized with the Yoast SEO plugin v26.9 - https:\/\/yoast.com\/product\/yoast-seo-wordpress\/ -->\n<title>Events &amp; Banquets - H\u00f3tel \u00d6rk<\/title>\n<meta name=\"robots\" content=\"index, follow, max-snippet:-1, max-image-preview:large, max-video-preview:-1\" \/>\n<link rel=\"canonical\" href=\"https:\/\/hotelork.is\/en\/events-banquets\/\" \/>\n<meta property=\"og:locale\" content=\"en_US\" \/>\n<meta property=\"og:type\" content=\"article\" \/>\n<meta property=\"og:title\" content=\"Events &amp; Banquets - H\u00f3tel \u00d6rk\" \/>\n<meta property=\"og:description\" content=\"Wondering where to host a great event? Hotel \u00d6rk is a great venue for various occasions.\" \/>\n<meta property=\"og:url\" content=\"https:\/\/hotelork.is\/en\/events-banquets\/\" \/>\n<meta property=\"og:site_name\" content=\"H\u00f3tel \u00d6rk\" \/>\n<meta property=\"article:modified_time\" content=\"2019-06-25T15:18:43+00:00\" \/>\n<meta name=\"twitter:card\" content=\"summary_large_image\" \/>\n<script type=\"application\/ld+json\" class=\"yoast-schema-graph\">{\"@context\":\"https:\/\/schema.org\",\"@graph\":[{\"@type\":\"WebPage\",\"@id\":\"https:\/\/hotelork.is\/en\/events-banquets\/\",\"url\":\"https:\/\/hotelork.is\/en\/events-banquets\/\",\"name\":\"Events & Banquets - H\u00f3tel \u00d6rk\",\"isPartOf\":{\"@id\":\"https:\/\/hotelork.is\/en\/#website\"},\"datePublished\":\"2017-07-07T20:20:14+00:00\",\"dateModified\":\"2019-06-25T15:18:43+00:00\",\"inLanguage\":\"en-US\",\"potentialAction\":[{\"@type\":\"ReadAction\",\"target\":[\"https:\/\/hotelork.is\/en\/events-banquets\/\"]}]},{\"@type\":\"WebSite\",\"@id\":\"https:\/\/hotelork.is\/en\/#website\",\"url\":\"https:\/\/hotelork.is\/en\/\",\"name\":\"H\u00f3tel \u00d6rk\",\"description\":\"First class hotel\",\"potentialAction\":[{\"@type\":\"SearchAction\",\"target\":{\"@type\":\"EntryPoint\",\"urlTemplate\":\"https:\/\/hotelork.is\/en\/?s={search_term_string}\"},\"query-input\":{\"@type\":\"PropertyValueSpecification\",\"valueRequired\":true,\"valueName\":\"search_term_string\"}}],\"inLanguage\":\"en-US\"}]}<\/script>\n<!-- \/ Yoast SEO plugin. -->","yoast_head_json":{"title":"Events & Banquets - H\u00f3tel \u00d6rk","robots":{"index":"index","follow":"follow","max-snippet":"max-snippet:-1","max-image-preview":"max-image-preview:large","max-video-preview":"max-video-preview:-1"},"canonical":"https:\/\/hotelork.is\/en\/events-banquets\/","og_locale":"en_US","og_type":"article","og_title":"Events & Banquets - H\u00f3tel \u00d6rk","og_description":"Wondering where to host a great event? Hotel \u00d6rk is a great venue for various occasions.","og_url":"https:\/\/hotelork.is\/en\/events-banquets\/","og_site_name":"H\u00f3tel \u00d6rk","article_modified_time":"2019-06-25T15:18:43+00:00","twitter_card":"summary_large_image","schema":{"@context":"https:\/\/schema.org","@graph":[{"@type":"WebPage","@id":"https:\/\/hotelork.is\/en\/events-banquets\/","url":"https:\/\/hotelork.is\/en\/events-banquets\/","name":"Events & Banquets - H\u00f3tel \u00d6rk","isPartOf":{"@id":"https:\/\/hotelork.is\/en\/#website"},"datePublished":"2017-07-07T20:20:14+00:00","dateModified":"2019-06-25T15:18:43+00:00","inLanguage":"en-US","potentialAction":[{"@type":"ReadAction","target":["https:\/\/hotelork.is\/en\/events-banquets\/"]}]},{"@type":"WebSite","@id":"https:\/\/hotelork.is\/en\/#website","url":"https:\/\/hotelork.is\/en\/","name":"H\u00f3tel \u00d6rk","description":"First class hotel","potentialAction":[{"@type":"SearchAction","target":{"@type":"EntryPoint","urlTemplate":"https:\/\/hotelork.is\/en\/?s={search_term_string}"},"query-input":{"@type":"PropertyValueSpecification","valueRequired":true,"valueName":"search_term_string"}}],"inLanguage":"en-US"}]}},"jetpack_shortlink":"https:\/\/wp.me\/P4eiqC-3T","jetpack_sharing_enabled":true,"_links":{"self":[{"href":"https:\/\/hotelork.is\/en\/wp-json\/wp\/v2\/pages\/241","targetHints":{"allow":["GET"]}}],"collection":[{"href":"https:\/\/hotelork.is\/en\/wp-json\/wp\/v2\/pages"}],"about":[{"href":"https:\/\/hotelork.is\/en\/wp-json\/wp\/v2\/types\/page"}],"author":[{"embeddable":true,"href":"https:\/\/hotelork.is\/en\/wp-json\/wp\/v2\/users\/1"}],"replies":[{"embeddable":true,"href":"https:\/\/hotelork.is\/en\/wp-json\/wp\/v2\/comments?post=241"}],"version-history":[{"count":3,"href":"https:\/\/hotelork.is\/en\/wp-json\/wp\/v2\/pages\/241\/revisions"}],"predecessor-version":[{"id":2364,"href":"https:\/\/hotelork.is\/en\/wp-json\/wp\/v2\/pages\/241\/revisions\/2364"}],"wp:attachment":[{"href":"https:\/\/hotelork.is\/en\/wp-json\/wp\/v2\/media?parent=241"}],"curies":[{"name":"wp","href":"https:\/\/api.w.org\/{rel}","templated":true}]}}