{"id":265,"date":"2017-07-09T15:01:22","date_gmt":"2017-07-09T15:01:22","guid":{"rendered":"https:\/\/hotelork.is\/?page_id=265\/"},"modified":"2020-03-03T12:52:45","modified_gmt":"2020-03-03T12:52:45","slug":"conference_meetings","status":"publish","type":"page","link":"https:\/\/hotelork.is\/en\/conference_meetings\/","title":{"rendered":"Conference &#038; Meetings"},"content":{"rendered":"<p>Looking for an ideal venue to suit your event? H\u00f3tel \u00d6rk offers 7 meeting rooms that are perfect for all types of events. The rooms contain all the latest technology, including WiFI. HVER Restaurant takes care of all refreshments served in the meeting rooms.<\/p>\n","protected":false},"excerpt":{"rendered":"<p>Looking for an ideal venue to suit your event? H\u00f3tel \u00d6rk offers 7 meeting rooms that are perfect for all types of events. The rooms contain all the latest technology, including WiFI. HVER Restaurant takes care of all refreshments served in the meeting rooms.<\/p>\n","protected":false},"author":1,"featured_media":0,"parent":0,"menu_order":0,"comment_status":"closed","ping_status":"closed","template":"page-radstefnur_fundir.php","meta":{"_acf_changed":false,"footnotes":""},"class_list":["post-265","page","type-page","status-publish","hentry"],"acf":[],"featured_image_src":null,"yoast_head":"<!-- This site is optimized with the Yoast SEO plugin v26.9 - https:\/\/yoast.com\/product\/yoast-seo-wordpress\/ -->\n<title>Conference &amp; Meetings - H\u00f3tel \u00d6rk<\/title>\n<meta name=\"robots\" content=\"index, follow, max-snippet:-1, max-image-preview:large, max-video-preview:-1\" \/>\n<link rel=\"canonical\" href=\"https:\/\/hotelork.is\/en\/conference_meetings\/\" \/>\n<meta property=\"og:locale\" content=\"en_US\" \/>\n<meta property=\"og:type\" content=\"article\" \/>\n<meta property=\"og:title\" content=\"Conference &amp; Meetings - H\u00f3tel \u00d6rk\" \/>\n<meta property=\"og:description\" content=\"Looking for an ideal venue to suit your event? H\u00f3tel \u00d6rk offers 7 meeting rooms that are perfect for all types of events. The rooms contain all the latest technology, including WiFI. HVER Restaurant takes care of all refreshments served in the meeting rooms.\" \/>\n<meta property=\"og:url\" content=\"https:\/\/hotelork.is\/en\/conference_meetings\/\" \/>\n<meta property=\"og:site_name\" content=\"H\u00f3tel \u00d6rk\" \/>\n<meta property=\"article:modified_time\" content=\"2020-03-03T12:52:45+00:00\" \/>\n<meta name=\"twitter:card\" content=\"summary_large_image\" \/>\n<script type=\"application\/ld+json\" class=\"yoast-schema-graph\">{\"@context\":\"https:\/\/schema.org\",\"@graph\":[{\"@type\":\"WebPage\",\"@id\":\"https:\/\/hotelork.is\/en\/conference_meetings\/\",\"url\":\"https:\/\/hotelork.is\/en\/conference_meetings\/\",\"name\":\"Conference & Meetings - H\u00f3tel \u00d6rk\",\"isPartOf\":{\"@id\":\"https:\/\/hotelork.is\/en\/#website\"},\"datePublished\":\"2017-07-09T15:01:22+00:00\",\"dateModified\":\"2020-03-03T12:52:45+00:00\",\"inLanguage\":\"en-US\",\"potentialAction\":[{\"@type\":\"ReadAction\",\"target\":[\"https:\/\/hotelork.is\/en\/conference_meetings\/\"]}]},{\"@type\":\"WebSite\",\"@id\":\"https:\/\/hotelork.is\/en\/#website\",\"url\":\"https:\/\/hotelork.is\/en\/\",\"name\":\"H\u00f3tel \u00d6rk\",\"description\":\"First class hotel\",\"potentialAction\":[{\"@type\":\"SearchAction\",\"target\":{\"@type\":\"EntryPoint\",\"urlTemplate\":\"https:\/\/hotelork.is\/en\/?s={search_term_string}\"},\"query-input\":{\"@type\":\"PropertyValueSpecification\",\"valueRequired\":true,\"valueName\":\"search_term_string\"}}],\"inLanguage\":\"en-US\"}]}<\/script>\n<!-- \/ Yoast SEO plugin. -->","yoast_head_json":{"title":"Conference & Meetings - H\u00f3tel \u00d6rk","robots":{"index":"index","follow":"follow","max-snippet":"max-snippet:-1","max-image-preview":"max-image-preview:large","max-video-preview":"max-video-preview:-1"},"canonical":"https:\/\/hotelork.is\/en\/conference_meetings\/","og_locale":"en_US","og_type":"article","og_title":"Conference & Meetings - H\u00f3tel \u00d6rk","og_description":"Looking for an ideal venue to suit your event? H\u00f3tel \u00d6rk offers 7 meeting rooms that are perfect for all types of events. The rooms contain all the latest technology, including WiFI. HVER Restaurant takes care of all refreshments served in the meeting rooms.","og_url":"https:\/\/hotelork.is\/en\/conference_meetings\/","og_site_name":"H\u00f3tel \u00d6rk","article_modified_time":"2020-03-03T12:52:45+00:00","twitter_card":"summary_large_image","schema":{"@context":"https:\/\/schema.org","@graph":[{"@type":"WebPage","@id":"https:\/\/hotelork.is\/en\/conference_meetings\/","url":"https:\/\/hotelork.is\/en\/conference_meetings\/","name":"Conference & Meetings - H\u00f3tel \u00d6rk","isPartOf":{"@id":"https:\/\/hotelork.is\/en\/#website"},"datePublished":"2017-07-09T15:01:22+00:00","dateModified":"2020-03-03T12:52:45+00:00","inLanguage":"en-US","potentialAction":[{"@type":"ReadAction","target":["https:\/\/hotelork.is\/en\/conference_meetings\/"]}]},{"@type":"WebSite","@id":"https:\/\/hotelork.is\/en\/#website","url":"https:\/\/hotelork.is\/en\/","name":"H\u00f3tel \u00d6rk","description":"First class hotel","potentialAction":[{"@type":"SearchAction","target":{"@type":"EntryPoint","urlTemplate":"https:\/\/hotelork.is\/en\/?s={search_term_string}"},"query-input":{"@type":"PropertyValueSpecification","valueRequired":true,"valueName":"search_term_string"}}],"inLanguage":"en-US"}]}},"jetpack_shortlink":"https:\/\/wp.me\/P4eiqC-4h","jetpack_sharing_enabled":true,"_links":{"self":[{"href":"https:\/\/hotelork.is\/en\/wp-json\/wp\/v2\/pages\/265","targetHints":{"allow":["GET"]}}],"collection":[{"href":"https:\/\/hotelork.is\/en\/wp-json\/wp\/v2\/pages"}],"about":[{"href":"https:\/\/hotelork.is\/en\/wp-json\/wp\/v2\/types\/page"}],"author":[{"embeddable":true,"href":"https:\/\/hotelork.is\/en\/wp-json\/wp\/v2\/users\/1"}],"replies":[{"embeddable":true,"href":"https:\/\/hotelork.is\/en\/wp-json\/wp\/v2\/comments?post=265"}],"version-history":[{"count":5,"href":"https:\/\/hotelork.is\/en\/wp-json\/wp\/v2\/pages\/265\/revisions"}],"predecessor-version":[{"id":2795,"href":"https:\/\/hotelork.is\/en\/wp-json\/wp\/v2\/pages\/265\/revisions\/2795"}],"wp:attachment":[{"href":"https:\/\/hotelork.is\/en\/wp-json\/wp\/v2\/media?parent=265"}],"curies":[{"name":"wp","href":"https:\/\/api.w.org\/{rel}","templated":true}]}}